{"id":2862,"date":"2024-05-13T02:38:24","date_gmt":"2024-05-13T02:38:24","guid":{"rendered":"https:\/\/biollachemicals.com\/?page_id=2862"},"modified":"2024-05-13T02:40:32","modified_gmt":"2024-05-13T02:40:32","slug":"datenschutzbestimmungen","status":"publish","type":"page","link":"https:\/\/biollachemicals.com\/de\/datenschutzbestimmungen\/","title":{"rendered":"Datenschutzbestimmungen"},"content":{"rendered":"<h2 class=\"wp-block-heading\">Datenschutzbestimmungen f\u00fcr Besucher der Website<\/h2>\n\n\n\n<p>Wir, die biolla chemicals GmbH, Alte Holstenstr. 23, 21031 Hamburg, m\u00f6chten Ihnen im Folgenden erl\u00e4utern, welche Daten wir von Ihnen verarbeiten und wie. Wenn Sie Fragen zum Datenschutz haben, steht Ihnen unser Datenschutzbeauftragter unter info@biolla.de gerne zur Verf\u00fcgung.<\/p>\n\n\n\n<h3 class=\"wp-block-heading\">Zweck, Rechtsgrundlage, Kategorien von Empf\u00e4ngern, Speicherdauer der Datenverarbeitung<\/h3>\n\n\n\n<p>Zweck: Pr\u00e4sentation des Unternehmens, Erbringung von Dienstleistungen und\/oder Verkauf von Produkten und Kommunikation \u00fcber das Internet. Zweck der Datenverarbeitung auf dieser Website ist die Bereitstellung von Informationen \u00fcber die Produkte und Dienstleistungen unseres Unternehmens, verbunden mit der M\u00f6glichkeit f\u00fcr die Nutzer, gezielt mit internen Ansprechpartnern in Kontakt zu treten.<br>Dar\u00fcber hinaus verarbeiten wir personenbezogene Daten auf der Grundlage der folgenden Rechtsgrundlagen:<\/p>\n\n\n\n<ul class=\"wp-block-list\">\n<li>Art. 6 Abs. 1 lit. a GDPR f\u00fcr die Verarbeitung personenbezogener Daten mit der Einwilligung der betroffenen Person.<\/li>\n\n\n\n<li>Art. 6 Abs. 1 Buchstabe b DSGVO f\u00fcr die notwendige Verarbeitung personenbezogener Daten zur Erf\u00fcllung eines Vertrags mit der betroffenen Person und zur Durchf\u00fchrung entsprechender vorvertraglicher Ma\u00dfnahmen.<\/li>\n\n\n\n<li>Art. 6 Abs. 1 lit. c DSGVO f\u00fcr die notwendige Verarbeitung personenbezogener Daten zur Erf\u00fcllung einer rechtlichen Verpflichtung, zu deren Einhaltung wir nach geltendem EU-Recht oder nach geltendem Recht eines Landes, in dem die DSGVO ganz oder teilweise gilt, verpflichtet sind, vorausgesetzt.<\/li>\n\n\n\n<li>Art. 6 Abs.. 1 lit. f DSGVO f\u00fcr die notwendige Verarbeitung personenbezogener Daten zur Wahrung der berechtigten Interessen von uns oder Dritten, sofern nicht die Grundfreiheiten und Rechte sowie die Interessen der betroffenen Person \u00fcberwiegen. Zu den berechtigten Interessen geh\u00f6ren insbesondere unser wirtschaftliches Interesse an der Bereitstellung unserer Website, die Informationssicherheit, die Durchsetzung eigener Rechtsanspr\u00fcche und die Einhaltung sonstiger gesetzlicher Vorschriften.<\/li>\n<\/ul>\n\n\n\n<p>Hierzu bedienen wir uns Dienstleistungsunternehmen, die sich im Rahmen der Leistungserbringung zur Vertraulichkeit und zum Datenschutz verpflichtet haben. Eine Weitergabe von Daten an Beh\u00f6rden erfolgt nur bei Vorliegen zwingender gesetzlicher Vorschriften.<\/p>\n\n\n\n<p>Der 1. und wichtigste Teil des Verfassens einer au\u00dfergew\u00f6hnlichen&nbsp;<a href=\"https:\/\/www.affordable-papers.net\/\" target=\"_blank\" rel=\"noopener\">Aufsatz schreiben<\/a>&nbsp;ist, die Frage zu erkennen. Das Verfassen eines Frankenstein-Aufsatzes wird f\u00fcr diese Sch\u00fcler zu einem Alptraum, da sie nicht in der Lage sind, die Probleme des Aufsatzschreibens zu bew\u00e4ltigen, insbesondere die These. Pers\u00f6nliche Erz\u00e4hlung zu Beginn des Aufsatzes. Ein passendes Cover f\u00fcr einen Aufsatz zu schreiben, den man geschrieben hat, ist kein unglaublich schwieriges Unterfangen, dennoch ist es wirklich das am meisten rabattierte.<\/p>\n\n\n\n<p>Bevor Sie mit dem Verfassen Ihres Aufsatzes beginnen, sollten Sie ihn gr\u00fcndlich planen. Das allererste, was Sie tun sollten, ist, sich zu \u00fcberlegen, was Sie in Ihrem Aufsatz tun wollen. H\u00f6ren Sie auf, etwas zu verwenden, das Ihrem eigenen Aufsatz ein wenig Realit\u00e4t verleiht.<\/p>\n\n\n\n<p>Bevor Sie mit dem Verfassen der Dissertation beginnen, sollten Sie eine Gliederung Ihres Aufsatzes erstellen und sich anschlie\u00dfend \u00fcberlegen, welche Hauptidee Sie in Ihrem Aufsatz pr\u00e4sentieren wollen, um Ihre Dissertationsaussage zu formulieren. Ein fantastischer Name fasst zusammen, worum es in dem Aufsatz geht. Diese Beispiele f\u00fcr Aufsatzthesen sind nach der Art des Aufsatzes gruppiert. Dies muss vermieden werden, da sich der Artikel auf die in der Dissertationsaussage erw\u00e4hnte Debatte st\u00fctzen sollte.<\/p>\n\n\n\n<p>Wenn Sie die Website besuchen, wird eine Verbindung mit Ihrem Browser hergestellt. Die nachstehend erfassten Informationen werden vor\u00fcbergehend in Systemdateien gespeichert und automatisch aufgezeichnet:<\/p>\n\n\n\n<ul class=\"wp-block-list\">\n<li>verwendetes Betriebssystem<\/li>\n\n\n\n<li>Browsertyp\/-version<\/li>\n\n\n\n<li>Hostname des zugreifenden Rechners (IP-Adresse)<\/li>\n\n\n\n<li>Name der abgerufenen Datei<\/li>\n\n\n\n<li>Datum und Uhrzeit des Abrufs<\/li>\n\n\n\n<li>Menge der \u00fcbertragenen Daten<\/li>\n\n\n\n<li>Meldung, ob der Abruf erfolgreich war<\/li>\n\n\n\n<li>antragstellende Domain<\/li>\n<\/ul>\n\n\n\n<p>Dar\u00fcber hinausgehende personenbezogene Angaben wie Ihr Name, Ihre Anschrift, Telefonnummer oder E-Mail-Adresse werden nicht erfasst, es sei denn, diese Angaben werden von Ihnen freiwillig gemacht, z. B. im Rahmen einer Registrierung f\u00fcr unseren Newsletter oder einer Informationsanfrage.<\/p>\n\n\n\n<h3 class=\"wp-block-heading\">Nutzung, Verarbeitung und Weitergabe von personenbezogenen Daten<\/h3>\n\n\n\n<p>Soweit Sie uns personenbezogene Daten zur Verf\u00fcgung gestellt haben, verwenden wir diese ausschlie\u00dflich zum Zweck der technischen Administration der Website und zur Erf\u00fcllung Ihrer W\u00fcnsche und Anforderungen, z.B. zur Beantwortung Ihrer Anfrage, es sei denn, Sie haben in die weitere Verwendung Ihrer Daten eingewilligt.<br><br>Die Inhalte der in den Formularen als Pflichtfelder gekennzeichneten Felder sowie die der Nicht-Pflichtfelder werden lokal in unserer Adressdatenbank gespeichert, um Ihre Anfragen bearbeiten zu k\u00f6nnen. Der Zugriff auf Ihre Daten ist nur f\u00fcr einen begrenzten Kreis von Mitarbeitern zur Erf\u00fcllung der jeweiligen Aufgabe m\u00f6glich.<br><br>Sofern Sie in die weitere Nutzung Ihrer personenbezogenen Daten nicht eingewilligt haben, werden Ihre Daten nach Abwicklung Ihrer Bestellung f\u00fcr die weitere Verwendung gesperrt und nach Ablauf der steuer- und handelsrechtlichen Aufbewahrungsfristen gel\u00f6scht. F\u00fcr den Fall, dass tats\u00e4chliche Anhaltspunkte f\u00fcr einen Rechts- oder Nutzungsmissbrauch vorliegen, behalten wir uns vor, Ihre personenbezogenen Daten zur Aufkl\u00e4rung\/Rechtsverfolgung des Missbrauchs auch nach Beendigung des Nutzungsverh\u00e4ltnisses zu verarbeiten.<br><br>Ihre pers\u00f6nlichen Daten werden nicht an Dritte weitergegeben, verkauft oder anderweitig \u00fcbertragen, es sei denn:<\/p>\n\n\n\n<ul class=\"wp-block-list\">\n<li>dies f\u00fcr die Bearbeitung Ihrer Anfrage erforderlich ist.<\/li>\n\n\n\n<li>Sie haben vorher zugestimmt.<\/li>\n\n\n\n<li>wir durch ein Gerichtsurteil oder eine Rechtsvorschrift verpflichtet oder berechtigt sind.<\/li>\n\n\n\n<li>Werden Forderungen nicht beglichen, \u00fcbermitteln wir Ihre Daten an die von uns beauftragten Rechtsanw\u00e4lte oder Inkassounternehmen zu Inkassozwecken.<\/li>\n<\/ul>\n\n\n\n<h3 class=\"wp-block-heading\">Verwendung von Cookies\/Plugins<\/h3>\n\n\n\n<p>Wir verwenden auf unserer Website Cookies, um Ihren Besuch attraktiv zu gestalten und die Nutzung bestimmter Funktionen zu erm\u00f6glichen.<br><br>Dabei handelt es sich um kleine Textdateien, die auf Ihrem Computer gespeichert werden. Die meisten der von uns verwendeten Cookies werden nach Ende der Browser-Sitzung wieder von Ihrer Festplatte gel\u00f6scht (sog. Sitzungs-Cookies). Andere Cookies verbleiben auf Ihrem Rechner und erm\u00f6glichen uns, Ihren Rechner bei Ihrem n\u00e4chsten Besuch wieder zu erkennen (sog. dauerhafte Cookies). Diese Cookies werden z.B. f\u00fcr pers\u00f6nliche Begr\u00fc\u00dfungen verwendet.<br><br>Wir speichern nur dann personenbezogene Daten in Cookies, wenn Sie dem zugestimmt haben. Selbstverst\u00e4ndlich k\u00f6nnen Sie unsere Seite auch ohne Cookies betrachten. Dies kann aber zu einer Funktionseinschr\u00e4nkung unserer Angebote f\u00fchren. Die meisten Browser akzeptieren Cookies automatisch. Sie k\u00f6nnen das Speichern von Cookies auf Ihrer Festplatte jedoch in den Einstellungen Ihres Browsers verhindern. Auch k\u00f6nnen Sie bereits auf Ihrem Computer gespeicherte Cookies jederzeit l\u00f6schen. Einzelheiten hierzu entnehmen Sie bitte der Anleitung Ihres Browser-Herstellers.<br><br>Wir verwenden Google Maps, um Karten und Routenplanung einzubinden. Die Google LLC in den USA hat sich verpflichtet, einen angemessenen Datenschutz gem\u00e4\u00df dem amerikanisch-europ\u00e4ischen Privacy Shield zu gew\u00e4hrleisten. Weitere Informationen finden Sie in der ausf\u00fchrlichen Datenschutzerkl\u00e4rung von Google.<\/p>\n\n\n\n<h3 class=\"wp-block-heading\">Sonstige automatisch erfasste nicht personenbezogene Daten<\/h3>\n\n\n\n<p>Wenn Sie unsere Seite \u00fcber einen Link verlassen und auf fremde Seiten gelangen, kann es sein, dass auch von dieser Seite aus ein Cookie gesetzt wird. F\u00fcr diese Cookies sind wir nicht verantwortlich.<br><br>F\u00fcr die Bereitstellung unserer Website wird Java-Script verwendet. Wenn Sie dies aus Sicherheitsgr\u00fcnden nicht nutzen m\u00f6chten, sollten Sie die entsprechende Einstellung in Ihrem Browser deaktivieren. Einzelheiten entnehmen Sie bitte der Anleitung Ihres Browserherstellers.<\/p>\n\n\n\n<h3 class=\"wp-block-heading\">Google Analytics<\/h3>\n\n\n\n<p>Diese Website benutzt Google Analytics, einen Webanalysedienst der Google Inc. (\"Google\"). Google Analytics verwendet sog. \"Cookies\", Textdateien, die auf Ihrem Computer gespeichert werden und die eine Analyse der Benutzung der Website durch Sie erm\u00f6glichen. Die durch den Cookie erzeugten Informationen \u00fcber Ihre Benutzung dieser Website werden in der Regel an einen Server von Google in den USA \u00fcbertragen und dort gespeichert.<br>dort gespeichert.<br><br>Im Falle der Aktivierung der IP-Anonymisierung auf dieser Webseite, wird die IP-Adresse von Google jedoch innerhalb von Mitgliedstaaten der Europ\u00e4ischen Union oder in anderen Vertragsstaaten des Abkommens \u00fcber den Europ\u00e4ischen Wirtschaftsraum zuvor gek\u00fcrzt. Nur in Ausnahmef\u00e4llen wird die volle IP-Adresse an einen Server von Google in den USA \u00fcbertragen und dort gek\u00fcrzt. Die IP-Anonymisierung ist auf dieser Website aktiv. Im Auftrag des Betreibers dieser Website wird Google diese Informationen benutzen, um Ihre Nutzung der Website auszuwerten, um Reports \u00fcber die Websiteaktivit\u00e4ten zusammenzustellen und um weitere mit der Websitenutzung und der Internetnutzung verbundene Dienstleistungen gegen\u00fcber dem Websitebetreiber zu erbringen.<br><br>Die im Rahmen von Google Analytics von Ihrem Browser \u00fcbermittelte IP-Adresse wird nicht mit anderen Daten von Google zusammengef\u00fchrt. Sie k\u00f6nnen die Speicherung der Cookies durch eine entsprechende Einstellung Ihrer Browser-Software verhindern; wir weisen Sie jedoch darauf hin, dass Sie in diesem Fall gegebenenfalls nicht s\u00e4mtliche Funktionen dieser Website vollumf\u00e4nglich werden nutzen k\u00f6nnen. Sie k\u00f6nnen dar\u00fcber hinaus die Erfassung der durch das Cookie erzeugten und auf Ihre Nutzung der Website bezogenen Daten (inkl. Ihrer IP-Adresse) an Google sowie die Verarbeitung dieser Daten durch Google verhindern, indem sie das unter dem folgenden Link verf\u00fcgbare Browser-Plugin herunterladen und installieren: http:\/\/tools.google.com\/dlpage\/gaoptout?hl=de.<\/p>\n\n\n\n<p>Als Alternative zum Browser-Add-on oder innerhalb von Browsern auf mobilen Ger\u00e4ten klicken Sie bitte auf diesen Link, um die zuk\u00fcnftige Erfassung durch Google Analytics innerhalb dieser Website zu verhindern (das Opt-out funktioniert nur im Browser und nur f\u00fcr diese Domain). Ein Opt-out-Cookie wird auf Ihrem Ger\u00e4t gespeichert. Wenn Sie Ihre Cookies in diesem Browser l\u00f6schen, m\u00fcssen Sie erneut auf diesen Link klicken.<\/p>\n\n\n\n<h3 class=\"wp-block-heading\">Ihr Recht auf Auskunft, Berichtigung, L\u00f6schung, Widerspruch und Daten\u00fcbertragbarkeit<\/h3>\n\n\n\n<p>Sie k\u00f6nnen Ihr Recht auf Auskunft, Berichtigung und L\u00f6schung von Daten jederzeit wahrnehmen. Kontaktieren Sie uns einfach \u00fcber die oben beschriebenen Wege. Wenn Sie die L\u00f6schung von Daten verlangen, wir aber gesetzlich verpflichtet sind, diese aufzubewahren, erhalten Sie Zugang zu Ihren<br>werden die Daten eingeschr\u00e4nkt (gesperrt). Das Gleiche gilt f\u00fcr einen Widerspruch. Sie k\u00f6nnen von Ihrem Recht auf Daten\u00fcbertragbarkeit Gebrauch machen, sofern dem Empf\u00e4nger und uns die technischen M\u00f6glichkeiten zur Verf\u00fcgung stehen.<\/p>\n\n\n\n<h3 class=\"wp-block-heading\">Recht auf Berufung<\/h3>\n\n\n\n<p>Sie haben jederzeit die M\u00f6glichkeit, eine Beschwerde bei einer Datenschutzaufsichtsbeh\u00f6rde einzureichen.<\/p>\n\n\n\n<h3 class=\"wp-block-heading\">Datensicherheit\/Verschl\u00fcsselung<\/h3>\n\n\n\n<p>Diese Website verwendet das \"Hypertext Transfer Protocol Secure\" (https). Die Verbindung zwischen Ihrem Browser und unserem Server ist verschl\u00fcsselt.<\/p>\n\n\n\n<h3 class=\"wp-block-heading\">Aktualit\u00e4t und \u00c4nderungen dieser Datenschutzerkl\u00e4rung<\/h3>\n\n\n\n<p>Wir behalten uns das Recht vor, den Inhalt dieser Datenschutzerkl\u00e4rung jederzeit anzupassen. Dies geschieht in der Regel, wenn die genutzten Dienste weiterentwickelt oder angepasst werden. Die aktuelle Datenschutzerkl\u00e4rung k\u00f6nnen Sie auf unserer Website einsehen.<\/p>\n\n\n\n<p><em>Status dieser Erkl\u00e4rung: Januar 15, 2020<\/em><\/p>\n\n\n\n<p><strong>biolla chemicals GmbH<br><\/strong>Alte Holstenstr. 23<br>21031 Hamburg<br>Tel:&nbsp;<a rel=\"noreferrer noopener\" href=\"tel:+494073504390\" target=\"_blank\">+49 40 67555155<\/a><\/p>","protected":false},"excerpt":{"rendered":"<p>Privacy Policy for visitors of the website We, biolla chemicals GmbH, Alte Holstenstr. 23, 21031 Hamburg, would like to explain to you below which data we process from you and how. If you have any questions about data protection, our data protection officer will be happy to help you at info@biolla.de. Purpose, legal basis, categories [&hellip;]<\/p>\n","protected":false},"author":2,"featured_media":0,"parent":0,"menu_order":0,"comment_status":"closed","ping_status":"closed","template":"","meta":{"_kad_blocks_custom_css":"","_kad_blocks_head_custom_js":"","_kad_blocks_body_custom_js":"","_kad_blocks_footer_custom_js":"","footnotes":""},"class_list":["post-2862","page","type-page","status-publish","hentry"],"blocksy_meta":[],"Meta Data":null,"meta_description":null,"Focus Keyword":null,"meta_box":[],"rank_math_description":null,"rank_math_focus_keyword":null,"taxonomy_info":[],"featured_image_src_large":false,"author_info":{"display_name":"Ines","author_link":"https:\/\/biollachemicals.com\/de\/author\/ines\/"},"comment_info":0,"_links":{"self":[{"href":"https:\/\/biollachemicals.com\/de\/wp-json\/wp\/v2\/pages\/2862","targetHints":{"allow":["GET"]}}],"collection":[{"href":"https:\/\/biollachemicals.com\/de\/wp-json\/wp\/v2\/pages"}],"about":[{"href":"https:\/\/biollachemicals.com\/de\/wp-json\/wp\/v2\/types\/page"}],"author":[{"embeddable":true,"href":"https:\/\/biollachemicals.com\/de\/wp-json\/wp\/v2\/users\/2"}],"replies":[{"embeddable":true,"href":"https:\/\/biollachemicals.com\/de\/wp-json\/wp\/v2\/comments?post=2862"}],"version-history":[{"count":0,"href":"https:\/\/biollachemicals.com\/de\/wp-json\/wp\/v2\/pages\/2862\/revisions"}],"wp:attachment":[{"href":"https:\/\/biollachemicals.com\/de\/wp-json\/wp\/v2\/media?parent=2862"}],"curies":[{"name":"wp","href":"https:\/\/api.w.org\/{rel}","templated":true}]}}