{"id":307,"date":"2018-10-11T19:15:02","date_gmt":"2018-10-11T19:15:02","guid":{"rendered":"https:\/\/biollachemicals.com\/en\/?post_type=product&#038;p=307"},"modified":"2024-04-28T10:09:01","modified_gmt":"2024-04-28T10:09:01","slug":"talkum-magnesiumsilikat","status":"publish","type":"product","link":"https:\/\/biollachemicals.com\/cn\/product\/talkum-magnesiumsilikat\/","title":{"rendered":"\u6ed1\u77f3\u7c89\/\u7845\u9178\u9541"},"content":{"rendered":"<h4 class=\"wp-block-heading\">\u6ed1\u77f3\u7c89\/\u7845\u9178\u9541<\/h4>\n\n\n\n<figure class=\"wp-block-table is-style-stripes\"><table><tbody><tr><td>nat\u00fcrlich, ep, usp, e 553b<\/td><td><\/td><\/tr><tr><td>feines, wei\u00dfes Pulver<\/td><td><\/td><\/tr><tr><td>\u8bed\u8a00<\/td><td>\u4e0d\u6eb6\u4e8e\u6c34\u548c\u4e59\u9187<\/td><\/tr><tr><td>\u4e8c\u6c27\u5316\u7845<\/td><td>ca.60 %*<\/td><\/tr><tr><td>\u6c27\u5316\u9541<\/td><td>ca.30 %*<\/td><\/tr><tr><td>\u9541<\/td><td>17,0 - 19,5 %<\/td><\/tr><tr><td>\u8bc6\u522b A\uff08\u5438\u6536\u5e26\uff09<\/td><td>3675 - 3679 cm-1<\/td><\/tr><tr><td>\u8bc6\u522b A\uff08\u5438\u6536\u5e26\uff09<\/td><td>1016 - 1020 cm-1<\/td><\/tr><tr><td>\u8bc6\u522b A\uff08\u5438\u6536\u5e26\uff09<\/td><td>667 - 671 cm-1<\/td><\/tr><tr><td>\u8bc6\u522b B<\/td><td>wei\u00dfer Niederschlag<\/td><\/tr><tr><td>\u8bc6\u522b C<\/td><td>wei\u00dfer Ring<\/td><\/tr><tr><td>\u963f\u65af\u8d1d\u65af\u7279<\/td><td>\u514d\u8d39<\/td><\/tr><tr><td>\u53e0\u6c2e\uff080.01 N HCl\uff09<\/td><td>\u6700\u59270.4 \u6beb\u5347<\/td><\/tr><tr><td>\u78b1\u5ea6\uff080.01 N NaOH\uff09<\/td><td>\u6700\u59270.3 \u6beb\u5347<\/td><\/tr><tr><td>L\u00f6sliche Stoffe (in Wasser) (E 553b, EP)<\/td><td>max.0,2 %<\/td><\/tr><tr><td>L\u00f6sliche Stoffe (in Wasser) (USP)<\/td><td>max.0,1 %<\/td><\/tr><tr><td>L\u00f6sliche Stoffe (in S\u00e4ure)<\/td><td>\u6700\u59276 %<\/td><\/tr><tr><td>\u91c9\u4e0b\u5f69<\/td><td>nicht feststellbar<\/td><\/tr><tr><td>\u72c2\u6b22<\/td><td>max.7,0 %<\/td><\/tr><tr><td>\u94c5 (E 553b)<\/td><td>\u6700\u5927\u503c\u767e\u4e07\u5206\u4e4b 2<\/td><\/tr><tr><td>\u94c5\uff08\u7f8e\u56fd\u836f\u5178 EP\uff09<\/td><td>\u6700\u5927\u503c10 ppm<\/td><\/tr><tr><td>\u7531\u4e8e<\/td><td>\u6700\u5927\u503c10 ppm<\/td><\/tr><tr><td>\u94c1<\/td><td>max.0,25 %<\/td><\/tr><tr><td>A1<\/td><td>max.2,0 %<\/td><\/tr><tr><td>Ca<\/td><td>max.0.9 %<\/td><\/tr><tr><td>\u8d23\u4efb<\/td><td>max.0.5 %<\/td><\/tr><tr><td>Gesamtkeimzahl (kutane Anwendung)<\/td><td>&lt; 100 KBE\/g<\/td><\/tr><tr><td>Gesamtkeimzahl (orale Anwendung)<\/td><td>&lt; 1000 KBE\/g<\/td><\/tr><tr><td>\u98df\u54c1\/\u996e\u6599\uff08\u6216\u5e94\u7528\uff09<\/td><td>&lt; 100 KBE\/g<\/td><\/tr><tr><td>\u603b\u6570\uff08\u62d3\u6251\u5e94\u7528\uff09<\/td><td>&lt; 100 KBE\/g<\/td><\/tr><tr><td>\u98df\u7269\/\u7167\u7247\uff08\u9876\u90e8\u5e94\u7528\uff09<\/td><td>&lt; 50 KBE\/g<\/td><\/tr><tr><td>\u9b4f\u65af\u683c\u62c9\u5fb7<\/td><td>\u6700\u5c0f\u503c90,0 %<\/td><\/tr><tr><td>Korngr\u00f6\u00dfe D98<\/td><td>\u7ea6325 \u76ee*<\/td><\/tr><tr><td>Korngr\u00f6\u00dfe D98<\/td><td>\u7ea644 \u03bcm*<\/td><\/tr><tr><td>* \u53ea\u80fd\u4f5c\u4e3a\u5178\u578b\u503c\u4f7f\u7528<\/td><td><\/td><\/tr><\/tbody><\/table><\/figure>","protected":false},"excerpt":{"rendered":"<p>Talc \/ Magnesium Silicate NAT\u00dcRLICH, EP, USP, E 553B feines, wei\u00dfes Pulver L\u00f6slichkeit unl\u00f6slich in Wasser und Ethanol SiO2 ca. 60 %* MgO ca. 30 %* Mg 17,0 \u2013 19,5 % Identifikation A (Absorptionsbanden) 3675 \u2013 3679 cm-1 Identifikation A (Absorptionsbanden) 1016 \u2013 1020 cm-1 Identifikation A (Absorptionsbanden) 667 \u2013 671 cm-1 Identifikation B wei\u00dfer [&hellip;]<\/p>\n","protected":false},"featured_media":0,"template":"","meta":{"_kad_blocks_custom_css":"","_kad_blocks_head_custom_js":"","_kad_blocks_body_custom_js":"","_kad_blocks_footer_custom_js":""},"product_brand":[],"product_cat":[105],"product_tag":[],"class_list":{"0":"post-307","1":"product","2":"type-product","3":"status-publish","5":"product_cat-supplements","7":"first","8":"instock","9":"shipping-taxable","10":"product-type-simple"},"Meta Data":null,"meta_description":null,"Focus Keyword":null,"meta_box":{"cas_number":"238-877-9","chemical_formula":"H\u2082Mg\u2083O\u2081\u2082Si\u2084","molecular_weight":"","einecs_number":"","product_packaging":"","substance_form":"","type_of_substance":"","percentage_percent":"","hs_code":"","pro_delivery_time":"","retest_period":"","storage_condition":"","product_document_data":""},"rank_math_description":null,"rank_math_focus_keyword":null,"taxonomy_info":{"product_cat":[{"value":105,"label":"Vitamins"}]},"featured_image_src_large":false,"author_info":[],"comment_info":"","_links":{"self":[{"href":"https:\/\/biollachemicals.com\/cn\/wp-json\/wp\/v2\/product\/307","targetHints":{"allow":["GET"]}}],"collection":[{"href":"https:\/\/biollachemicals.com\/cn\/wp-json\/wp\/v2\/product"}],"about":[{"href":"https:\/\/biollachemicals.com\/cn\/wp-json\/wp\/v2\/types\/product"}],"wp:attachment":[{"href":"https:\/\/biollachemicals.com\/cn\/wp-json\/wp\/v2\/media?parent=307"}],"wp:term":[{"taxonomy":"product_brand","embeddable":true,"href":"https:\/\/biollachemicals.com\/cn\/wp-json\/wp\/v2\/product_brand?post=307"},{"taxonomy":"product_cat","embeddable":true,"href":"https:\/\/biollachemicals.com\/cn\/wp-json\/wp\/v2\/product_cat?post=307"},{"taxonomy":"product_tag","embeddable":true,"href":"https:\/\/biollachemicals.com\/cn\/wp-json\/wp\/v2\/product_tag?post=307"}],"curies":[{"name":"wp","href":"https:\/\/api.w.org\/{rel}","templated":true}]}}