{"id":305,"date":"2018-10-11T18:55:15","date_gmt":"2018-10-11T18:55:15","guid":{"rendered":"https:\/\/biollachemicals.com\/en\/?post_type=product&#038;p=305"},"modified":"2024-04-24T19:15:07","modified_gmt":"2024-04-24T19:15:07","slug":"magnesium-oxide-heavy-cas-1309-48-4","status":"publish","type":"product","link":"https:\/\/biollachemicals.com\/cn\/product\/magnesium-oxide-heavy-cas-1309-48-4\/","title":{"rendered":"\u91cd\u6c27\u5316\u9541 CAS 1309-48-4"},"content":{"rendered":"<figure class=\"wp-block-table\"><table><tbody><tr><th>\u9541\u6c27\u5316\u7269\uff0c\u65bd\u74e6<\/th><th>&nbsp;<\/th><\/tr><tr><th>EP, USP, FCC, E 530<\/th><th>&nbsp;<\/th><\/tr><tr><td>\u767d\u8272\u7eb8\u6d46<\/td><td>&nbsp;<\/td><\/tr><tr><td>\u8bed\u8a00<\/td><td>\u5728\u6c34\u548c\u9152\u7cbe\u4e2d\u4e0d\u6613\u6eb6\u89e3\uff0c\u5728\u77fe\u77ff\u7269\u8d28\u4e2d\u4e0d\u6613\u6eb6\u89e3<\/td><\/tr><tr><td>\u6c27\u5316\u9541\uff08\u51dd\u56fa\u57fa\uff09\uff08EP\uff09<\/td><td>98,0 - 100,5 %<\/td><\/tr><tr><td>\u6c27\u5316\u9541\uff08\u51dd\u56fa\u57fa\uff09\uff08E 530\uff09<\/td><td>min.98,0 %<\/td><\/tr><tr><td>\u6c27\u5316\u9541\uff08\u57fa\u8d28\uff09\uff08USP\u3001FCC\uff09<\/td><td>96,0 - 100,5 %<\/td><\/tr><tr><td>\u8bc6\u522b<\/td><td>\u8bad\u4ee4<\/td><\/tr><tr><td>\u89e3\u51b3\u65b9\u6848<\/td><td>\u8bad\u4ee4<\/td><\/tr><tr><td>\u51f3\u5b50<\/td><td>max.2,00 %<\/td><\/tr><tr><td>\u672a\u52a0\u5de5\u7684\u9910\u5177\uff08\u5728 S\u00e4ure\uff09<\/td><td>max.0,100 %<\/td><\/tr><tr><td>\u81ea\u7531\u78b1<\/td><td>\u6700\u59272,00 \u6beb\u5347<\/td><\/tr><tr><td>Cl<\/td><td>max.0,10 %<\/td><\/tr><tr><td>Ca (EP)<\/td><td>max.1,50 %<\/td><\/tr><tr><td>Ca (USP)<\/td><td>max.1,10 %<\/td><\/tr><tr><td>CaO<\/td><td>max.1,50 %<\/td><\/tr><tr><td>SO4<\/td><td>max.1,00 %<\/td><\/tr><tr><td>Schwermetalle (als Pb)<\/td><td>\u6700\u592720 ppm<\/td><\/tr><tr><td>Pb<\/td><td>\u6700\u5927\u503c0.7 ppm<\/td><\/tr><tr><td>\u5149\u76d8<\/td><td>\u6700\u5927\u503c1 ppm<\/td><\/tr><tr><td>\u6c5e<\/td><td>\u6700\u5927\u503c0.5 ppm<\/td><\/tr><tr><td>\u6c5e<\/td><td>&lt;0.1 ppm*<\/td><\/tr><tr><td>\u7531\u4e8e<\/td><td>\u6700\u5927\u503c1 ppm<\/td><\/tr><tr><td>Fe (EP)<\/td><td>max.0.07 %<\/td><\/tr><tr><td>\u94c1\uff08\u7f8e\u56fd\u836f\u5178\uff09<\/td><td>max.0,05 %<\/td><\/tr><tr><td>Gl\u00fchverlust (USP, FCC)<\/td><td>max.10,0 %<\/td><\/tr><tr><td>Gl\u00fchverlust (EP)<\/td><td>max.8,0 %<\/td><\/tr><tr><td>\u683c\u5415\u5f17\u9c81\u65af\u7279 (E 530)<\/td><td>max.5,0 %<\/td><\/tr><tr><td>Sch\u00fcttgewicht (\u635f\u5931)<\/td><td>\u6700\u5c0f\u503c250 \u514b\/\u5347<\/td><\/tr><tr><td>Korngr\u00f6\u00dfe (&gt; 325 Mesh) (Nasssieb)<\/td><td>max.25,0 %<\/td><\/tr><\/tbody><\/table><\/figure>","protected":false},"excerpt":{"rendered":"<p>Magnesiumoxid, Schwer &nbsp; EP, USP, FCC, E 530 &nbsp; Wei\u00dfes Pulver &nbsp; L\u00f6slichkeit Nahezu unl\u00f6slich in Wasser und Alkohol, l\u00f6slich in verd\u00fcnnten Minerals\u00e4uren MgO (auf gegl\u00fchter Basis) (EP) 98,0 \u2013 100,5 % MgO (auf gegl\u00fchter Basis) (E 530) min. 98,0 % MgO (auf gegl\u00fchter Basis) (USP, FCC) 96,0 \u2013 100,5 % Identifikation entspricht Aussehen der [&hellip;]<\/p>\n","protected":false},"featured_media":0,"template":"","meta":{"_kad_blocks_custom_css":"","_kad_blocks_head_custom_js":"","_kad_blocks_body_custom_js":"","_kad_blocks_footer_custom_js":""},"product_brand":[],"product_cat":[111,107,109,129,115,139,105],"product_tag":[],"class_list":{"0":"post-305","1":"product","2":"type-product","3":"status-publish","5":"product_cat-feed-additives","6":"product_cat-food","7":"product_cat-food-additives","8":"product_cat-idustrial","9":"product_cat-pharma","10":"product_cat-pharma-grade","11":"product_cat-supplements","13":"first","14":"instock","15":"shipping-taxable","16":"product-type-simple"},"Meta Data":null,"meta_description":null,"Focus Keyword":null,"meta_box":{"cas_number":"1309-48-4","chemical_formula":"MgO","molecular_weight":"","einecs_number":"","product_packaging":"","substance_form":"","type_of_substance":"","percentage_percent":"","hs_code":"","pro_delivery_time":"","retest_period":"","storage_condition":"","product_document_data":""},"rank_math_description":"Magnesium Oxide heavy, CAS 1309-48-4 - pharm, food, feed - delivery promt from stock Hamburg \/\/ biolla chemicals","rank_math_focus_keyword":null,"taxonomy_info":{"product_cat":[{"value":111,"label":"Feed Additives"},{"value":107,"label":"Food"},{"value":109,"label":"Food Components"},{"value":129,"label":"Idustrial"},{"value":115,"label":"Pharma"},{"value":139,"label":"Pharmaceutical Ingredients"},{"value":105,"label":"Vitamins"}]},"featured_image_src_large":false,"author_info":[],"comment_info":"","_links":{"self":[{"href":"https:\/\/biollachemicals.com\/cn\/wp-json\/wp\/v2\/product\/305","targetHints":{"allow":["GET"]}}],"collection":[{"href":"https:\/\/biollachemicals.com\/cn\/wp-json\/wp\/v2\/product"}],"about":[{"href":"https:\/\/biollachemicals.com\/cn\/wp-json\/wp\/v2\/types\/product"}],"wp:attachment":[{"href":"https:\/\/biollachemicals.com\/cn\/wp-json\/wp\/v2\/media?parent=305"}],"wp:term":[{"taxonomy":"product_brand","embeddable":true,"href":"https:\/\/biollachemicals.com\/cn\/wp-json\/wp\/v2\/product_brand?post=305"},{"taxonomy":"product_cat","embeddable":true,"href":"https:\/\/biollachemicals.com\/cn\/wp-json\/wp\/v2\/product_cat?post=305"},{"taxonomy":"product_tag","embeddable":true,"href":"https:\/\/biollachemicals.com\/cn\/wp-json\/wp\/v2\/product_tag?post=305"}],"curies":[{"name":"wp","href":"https:\/\/api.w.org\/{rel}","templated":true}]}}