{"id":268,"date":"2018-10-10T03:32:21","date_gmt":"2018-10-10T03:32:21","guid":{"rendered":"https:\/\/biollachemicals.com\/en\/?post_type=product&#038;p=268"},"modified":"2024-04-25T06:34:11","modified_gmt":"2024-04-25T06:34:11","slug":"potassium-bicarbonate-e501-cas-298-14-6","status":"publish","type":"product","link":"https:\/\/biollachemicals.com\/cn\/product\/potassium-bicarbonate-e501-cas-298-14-6\/","title":{"rendered":"\u78b3\u9178\u6c22\u94be E501(ii)\uff0c\u5316\u5b66\u6587\u6458\u793e\u7f16\u53f7 298-14-6"},"content":{"rendered":"<figure class=\"wp-block-table is-style-stripes\"><table><tbody><tr><th><strong>\u91cd\u78b3\u9178\u9499<\/strong><\/th><th>&nbsp;<\/th><\/tr><tr><th>EP, FCCC, E 501(ii)<\/th><th>&nbsp;<\/th><\/tr><tr><td>\u767d\u8272\u6c34\u6676\u77f3\u6216\u6df1\u8272\u6c34\u6676\u77f3<\/td><td>&nbsp;<\/td><\/tr><tr><td>\u8bed\u8a00<\/td><td>\u53ef\u7528\u4e8e\u6c34\uff0c\u4e0d\u53ef\u7528\u4e8e\u4e59\u9187<\/td><\/tr><tr><td>KHCO3<\/td><td>99 - 101 %<\/td><\/tr><tr><td>\u8bc6\u522b<\/td><td>\u8bad\u4ee4<\/td><\/tr><tr><td>\u89e3\u51b3\u65b9\u6848<\/td><td>klar und farblos<\/td><\/tr><tr><td>CO3<\/td><td>\u8bad\u4ee4<\/td><\/tr><tr><td>Na<\/td><td>max.0.5 %<\/td><\/tr><tr><td>Ca<\/td><td>\u6700\u5927\u503c100 ppm<\/td><\/tr><tr><td>SO4<\/td><td>\u6700\u5927\u503c150 ppm<\/td><\/tr><tr><td>NH4<\/td><td>\u6700\u592720 ppm<\/td><\/tr><tr><td>Cl<\/td><td>\u6700\u5927\u503c50 ppm<\/td><\/tr><tr><td>Schwermetalle (als Pb)<\/td><td>\u6700\u5927\u503c10 ppm<\/td><\/tr><tr><td>Pb<\/td><td>\u6700\u5927\u503c2.0 ppm<\/td><\/tr><tr><td>\u6c5e<\/td><td>\u6700\u5927\u503c0.1 ppm<\/td><\/tr><tr><td>\u7531\u4e8e<\/td><td>\u6700\u5927\u503c1,0 ppm<\/td><\/tr><tr><td>\u94c1<\/td><td>\u6700\u592720 ppm<\/td><\/tr><tr><td>\u5026\u6020<\/td><td>max.0,25 %<\/td><\/tr><tr><td>pH \u503c<\/td><td>\u6700\u59278,6<\/td><\/tr><\/tbody><\/table><\/figure>","protected":false},"excerpt":{"rendered":"<p>Kaliumbicarbonat &nbsp; EP, FCC, E 501(II) &nbsp; wei\u00dfes kristallines Pulver oder farblose Kristall &nbsp; L\u00f6slichkeit frei l\u00f6slich in Wasser, unl\u00f6slich in Ethanol KHCO3 99 \u2013 101 % Identifikation entspricht Aussehen der L\u00f6sung klar und farblos CO3 entspricht Na max. 0,5 % Ca max. 100 ppm SO4 max. 150 ppm NH4 max. 20 ppm Cl max. [&hellip;]<\/p>\n","protected":false},"featured_media":730,"template":"","meta":{"_kad_blocks_custom_css":"","_kad_blocks_head_custom_js":"","_kad_blocks_body_custom_js":"","_kad_blocks_footer_custom_js":""},"product_brand":[],"product_cat":[111,109,115,105],"product_tag":[],"class_list":{"0":"post-268","1":"product","2":"type-product","3":"status-publish","4":"has-post-thumbnail","6":"product_cat-feed-additives","7":"product_cat-food-additives","8":"product_cat-pharma","9":"product_cat-supplements","11":"first","12":"instock","13":"shipping-taxable","14":"product-type-simple"},"Meta Data":null,"meta_description":null,"Focus Keyword":null,"meta_box":{"cas_number":"298-14-6","chemical_formula":"KHCO3","molecular_weight":"","einecs_number":"","product_packaging":"","substance_form":"","type_of_substance":"","percentage_percent":"","hs_code":"","pro_delivery_time":"","retest_period":"","storage_condition":"","product_document_data":""},"rank_math_description":null,"rank_math_focus_keyword":null,"taxonomy_info":{"product_cat":[{"value":111,"label":"Feed Additives"},{"value":109,"label":"Food Components"},{"value":115,"label":"Pharma"},{"value":105,"label":"Vitamins"}]},"featured_image_src_large":["https:\/\/biollachemicals.com\/wp-content\/uploads\/2018\/10\/Kaliumbicarbonat-2.webp",594,349,false],"author_info":[],"comment_info":"","_links":{"self":[{"href":"https:\/\/biollachemicals.com\/cn\/wp-json\/wp\/v2\/product\/268","targetHints":{"allow":["GET"]}}],"collection":[{"href":"https:\/\/biollachemicals.com\/cn\/wp-json\/wp\/v2\/product"}],"about":[{"href":"https:\/\/biollachemicals.com\/cn\/wp-json\/wp\/v2\/types\/product"}],"wp:featuredmedia":[{"embeddable":true,"href":"https:\/\/biollachemicals.com\/cn\/wp-json\/wp\/v2\/media\/730"}],"wp:attachment":[{"href":"https:\/\/biollachemicals.com\/cn\/wp-json\/wp\/v2\/media?parent=268"}],"wp:term":[{"taxonomy":"product_brand","embeddable":true,"href":"https:\/\/biollachemicals.com\/cn\/wp-json\/wp\/v2\/product_brand?post=268"},{"taxonomy":"product_cat","embeddable":true,"href":"https:\/\/biollachemicals.com\/cn\/wp-json\/wp\/v2\/product_cat?post=268"},{"taxonomy":"product_tag","embeddable":true,"href":"https:\/\/biollachemicals.com\/cn\/wp-json\/wp\/v2\/product_tag?post=268"}],"curies":[{"name":"wp","href":"https:\/\/api.w.org\/{rel}","templated":true}]}}